{"id":3284,"date":"2017-12-22T13:17:09","date_gmt":"2017-12-22T12:17:09","guid":{"rendered":"https:\/\/www.abps.ch\/?page_id=3284\/"},"modified":"2018-11-13T18:04:27","modified_gmt":"2018-11-13T17:04:27","slug":"videos","status":"publish","type":"page","link":"https:\/\/www.abps.ch\/de\/videos\/","title":{"rendered":"Videos"},"content":{"rendered":"<div class=\"wpb-content-wrapper\"><p>[vc_row][vc_column width=&#8220;1\/2&#8243;][vc_column_text]<\/p>\n<h2>Die Berufe der Privatbanken in Bildern<\/h2>\n<p>&nbsp;<\/p>\n<p>Die Vereinigung Schweizerischer Privatbanken realisiert eine Serie von Videos, die die Berufe innerhalb einer Privatbank durch jene Personen aufzeigen, die sie ausf\u00fchren: Analysten, Kundenberater, Volkswirtschaftler oder Traders. Die Idee ist, die Bedeutung dieser Berufe darzustellen, die in der \u00d6ffentlichkeit noch zu wenig bekannt sind, doch wichtig f\u00fcr die Zusammenh\u00e4nge der Wirtschaft sind.[\/vc_column_text][\/vc_column][vc_column width=&#8220;1\/2&#8243;][vc_video link=&#8220;https:\/\/vimeo.com\/300529876&#8243;][vc_video link=&#8220;https:\/\/vimeo.com\/290285126&#8243;][vc_video link=&#8220;https:\/\/vimeo.com\/279275625&#8243;][vc_video link=&#8220;https:\/\/player.vimeo.com\/video\/267543252&#8243;][vc_video link=&#8220;https:\/\/player.vimeo.com\/video\/258608840&#8243;][vc_video link=&#8220;https:\/\/player.vimeo.com\/video\/248467619&#8243;][\/vc_column][\/vc_row]<\/p>\n<\/div>","protected":false},"excerpt":{"rendered":"<p>[vc_row][vc_column width=&#8220;1\/2&#8243;][vc_column_text] Die Berufe der Privatbanken in Bildern &nbsp; Die Vereinigung Schweizerischer Privatbanken realisiert eine Serie von Videos, die die Berufe innerhalb einer Privatbank durch jene Personen aufzeigen, die sie ausf\u00fchren: Analysten, Kundenberater, Volkswirtschaftler oder Traders. Die Idee ist, die Bedeutung dieser Berufe darzustellen, die in der \u00d6ffentlichkeit noch zu wenig bekannt sind, doch wichtig &hellip; <\/p>\n<p class=\"link-more\"><a href=\"https:\/\/www.abps.ch\/de\/videos\/\" class=\"more-link\"><span class=\"screen-reader-text\">\u201eVideos\u201c <\/span>weiterlesen<\/a><\/p>\n","protected":false},"author":1,"featured_media":0,"parent":0,"menu_order":0,"comment_status":"closed","ping_status":"closed","template":"template-galerie.php","meta":{"_acf_changed":false,"footnotes":""},"class_list":["post-3284","page","type-page","status-publish","hentry"],"acf":[],"yoast_head":"<!-- This site is optimized with the Yoast SEO plugin v27.1.1 - https:\/\/yoast.com\/product\/yoast-seo-wordpress\/ -->\n<title>Videos - ABPS<\/title>\n<meta name=\"robots\" content=\"index, follow, max-snippet:-1, max-image-preview:large, max-video-preview:-1\" \/>\n<link rel=\"canonical\" href=\"https:\/\/www.abps.ch\/de\/videos\/\" \/>\n<meta property=\"og:locale\" content=\"de_DE\" \/>\n<meta property=\"og:type\" content=\"article\" \/>\n<meta property=\"og:title\" content=\"Videos - ABPS\" \/>\n<meta property=\"og:description\" content=\"[vc_row][vc_column width=&#8220;1\/2&#8243;][vc_column_text] Die Berufe der Privatbanken in Bildern &nbsp; Die Vereinigung Schweizerischer Privatbanken realisiert eine Serie von Videos, die die Berufe innerhalb einer Privatbank durch jene Personen aufzeigen, die sie ausf\u00fchren: Analysten, Kundenberater, Volkswirtschaftler oder Traders. Die Idee ist, die Bedeutung dieser Berufe darzustellen, die in der \u00d6ffentlichkeit noch zu wenig bekannt sind, doch wichtig &hellip; \u201eVideos\u201c weiterlesen\" \/>\n<meta property=\"og:url\" content=\"https:\/\/www.abps.ch\/de\/videos\/\" \/>\n<meta property=\"og:site_name\" content=\"ABPS\" \/>\n<meta property=\"article:modified_time\" content=\"2018-11-13T17:04:27+00:00\" \/>\n<meta name=\"twitter:card\" content=\"summary_large_image\" \/>\n<meta name=\"twitter:label1\" content=\"Gesch\u00e4tzte Lesezeit\" \/>\n\t<meta name=\"twitter:data1\" content=\"1\u00a0Minute\" \/>\n<script type=\"application\/ld+json\" class=\"yoast-schema-graph\">{\"@context\":\"https:\/\/schema.org\",\"@graph\":[{\"@type\":\"WebPage\",\"@id\":\"https:\/\/www.abps.ch\/de\/videos\/\",\"url\":\"https:\/\/www.abps.ch\/de\/videos\/\",\"name\":\"Videos - ABPS\",\"isPartOf\":{\"@id\":\"https:\/\/www.abps.ch\/#website\"},\"datePublished\":\"2017-12-22T12:17:09+00:00\",\"dateModified\":\"2018-11-13T17:04:27+00:00\",\"breadcrumb\":{\"@id\":\"https:\/\/www.abps.ch\/de\/videos\/#breadcrumb\"},\"inLanguage\":\"de\",\"potentialAction\":[{\"@type\":\"ReadAction\",\"target\":[\"https:\/\/www.abps.ch\/de\/videos\/\"]}]},{\"@type\":\"BreadcrumbList\",\"@id\":\"https:\/\/www.abps.ch\/de\/videos\/#breadcrumb\",\"itemListElement\":[{\"@type\":\"ListItem\",\"position\":1,\"name\":\"Home\",\"item\":\"https:\/\/www.abps.ch\/de\/\"},{\"@type\":\"ListItem\",\"position\":2,\"name\":\"Videos\"}]},{\"@type\":\"WebSite\",\"@id\":\"https:\/\/www.abps.ch\/#website\",\"url\":\"https:\/\/www.abps.ch\/\",\"name\":\"ABPS\",\"description\":\"\",\"potentialAction\":[{\"@type\":\"SearchAction\",\"target\":{\"@type\":\"EntryPoint\",\"urlTemplate\":\"https:\/\/www.abps.ch\/?s={search_term_string}\"},\"query-input\":{\"@type\":\"PropertyValueSpecification\",\"valueRequired\":true,\"valueName\":\"search_term_string\"}}],\"inLanguage\":\"de\"}]}<\/script>\n<!-- \/ Yoast SEO plugin. -->","yoast_head_json":{"title":"Videos - ABPS","robots":{"index":"index","follow":"follow","max-snippet":"max-snippet:-1","max-image-preview":"max-image-preview:large","max-video-preview":"max-video-preview:-1"},"canonical":"https:\/\/www.abps.ch\/de\/videos\/","og_locale":"de_DE","og_type":"article","og_title":"Videos - ABPS","og_description":"[vc_row][vc_column width=&#8220;1\/2&#8243;][vc_column_text] Die Berufe der Privatbanken in Bildern &nbsp; Die Vereinigung Schweizerischer Privatbanken realisiert eine Serie von Videos, die die Berufe innerhalb einer Privatbank durch jene Personen aufzeigen, die sie ausf\u00fchren: Analysten, Kundenberater, Volkswirtschaftler oder Traders. Die Idee ist, die Bedeutung dieser Berufe darzustellen, die in der \u00d6ffentlichkeit noch zu wenig bekannt sind, doch wichtig &hellip; \u201eVideos\u201c weiterlesen","og_url":"https:\/\/www.abps.ch\/de\/videos\/","og_site_name":"ABPS","article_modified_time":"2018-11-13T17:04:27+00:00","twitter_card":"summary_large_image","twitter_misc":{"Gesch\u00e4tzte Lesezeit":"1\u00a0Minute"},"schema":{"@context":"https:\/\/schema.org","@graph":[{"@type":"WebPage","@id":"https:\/\/www.abps.ch\/de\/videos\/","url":"https:\/\/www.abps.ch\/de\/videos\/","name":"Videos - ABPS","isPartOf":{"@id":"https:\/\/www.abps.ch\/#website"},"datePublished":"2017-12-22T12:17:09+00:00","dateModified":"2018-11-13T17:04:27+00:00","breadcrumb":{"@id":"https:\/\/www.abps.ch\/de\/videos\/#breadcrumb"},"inLanguage":"de","potentialAction":[{"@type":"ReadAction","target":["https:\/\/www.abps.ch\/de\/videos\/"]}]},{"@type":"BreadcrumbList","@id":"https:\/\/www.abps.ch\/de\/videos\/#breadcrumb","itemListElement":[{"@type":"ListItem","position":1,"name":"Home","item":"https:\/\/www.abps.ch\/de\/"},{"@type":"ListItem","position":2,"name":"Videos"}]},{"@type":"WebSite","@id":"https:\/\/www.abps.ch\/#website","url":"https:\/\/www.abps.ch\/","name":"ABPS","description":"","potentialAction":[{"@type":"SearchAction","target":{"@type":"EntryPoint","urlTemplate":"https:\/\/www.abps.ch\/?s={search_term_string}"},"query-input":{"@type":"PropertyValueSpecification","valueRequired":true,"valueName":"search_term_string"}}],"inLanguage":"de"}]}},"_links":{"self":[{"href":"https:\/\/www.abps.ch\/de\/wp-json\/wp\/v2\/pages\/3284","targetHints":{"allow":["GET"]}}],"collection":[{"href":"https:\/\/www.abps.ch\/de\/wp-json\/wp\/v2\/pages"}],"about":[{"href":"https:\/\/www.abps.ch\/de\/wp-json\/wp\/v2\/types\/page"}],"author":[{"embeddable":true,"href":"https:\/\/www.abps.ch\/de\/wp-json\/wp\/v2\/users\/1"}],"replies":[{"embeddable":true,"href":"https:\/\/www.abps.ch\/de\/wp-json\/wp\/v2\/comments?post=3284"}],"version-history":[{"count":17,"href":"https:\/\/www.abps.ch\/de\/wp-json\/wp\/v2\/pages\/3284\/revisions"}],"predecessor-version":[{"id":4331,"href":"https:\/\/www.abps.ch\/de\/wp-json\/wp\/v2\/pages\/3284\/revisions\/4331"}],"wp:attachment":[{"href":"https:\/\/www.abps.ch\/de\/wp-json\/wp\/v2\/media?parent=3284"}],"curies":[{"name":"wp","href":"https:\/\/api.w.org\/{rel}","templated":true}]}}