{"id":2091,"date":"2017-05-24T09:32:13","date_gmt":"2017-05-24T07:32:13","guid":{"rendered":"https:\/\/www.abps.ch\/carriere\/"},"modified":"2017-06-14T13:49:02","modified_gmt":"2017-06-14T11:49:02","slug":"karrieremoeglichkeiten","status":"publish","type":"page","link":"https:\/\/www.abps.ch\/de\/karrieremoeglichkeiten\/","title":{"rendered":"Karrierem\u00f6glichkeiten"},"content":{"rendered":"<div class=\"wpb-content-wrapper\"><p>[vc_row][vc_column][vc_column_text]<\/p>\n<h2>M\u00f6chten Sie f\u00fcr einen der weltweit f\u00fchrenden Privatbanken arbeiten?<\/h2>\n<p>[\/vc_column_text][vc_column_text]Das dynamische und kulturell vielf\u00e4ltige Umfeld, in welchem die Schweizer Privatbanken t\u00e4tig sind, er\u00f6ffnet aussergew\u00f6hnliche Perspektiven. Diese Banken haben ihren Ruf der Qualit\u00e4t ihrer Leistungen, ihrem Anpassungsverm\u00f6gen, ihrer Innovationsf\u00e4higkeit und ihrer Weltoffenheit zu verdanken. Sie sind gleichzeitig konservativ und fortschrittlich, traditionsbewusst und unkonventionell und werden von Pers\u00f6nlichkeiten gef\u00fchrt, die sowohl Bankiers als auch Unternehmen sind. Die 10 Mitglieder der Vereinigung Schweizerischer Privatbanken (VSPB) sind somit von einer Passion gepr\u00e4gt, die sich in verschiedenen Facetten widerspiegelt.<\/p>\n<p>Die Zust\u00e4ndigkeit f\u00fcr die Rekrutierung des Personals liegt bei den einzelnen Mitgliedern der VSPB. Der wichtigste Erfolgsfaktor f\u00fcr jede dieser Mitgliedbanken sind ihre Mitarbeiterinnen und Mitarbeiter. Bitte richten Sie Ihre Fragen oder Bewerbungen direkt an die einzelnen Banken:[\/vc_column_text][\/vc_column][\/vc_row][vc_row full_width=&#8220;stretch_row&#8220; el_id=&#8220;membres&#8220;][vc_column]<div class=\"partner-logo\"><div class=\"membre-wrap\"><a href=\"https:\/\/www.abps.ch\/de\/members\/bordier-cie\" class=\"membre-1252\"><img decoding=\"async\" src=\"https:\/\/www.abps.ch\/wp-content\/uploads\/2017\/05\/Bordier-Logo-Black.svg\" title=\"Bordier & Cie\" alt=\"Bordier & Cie\" class=\"grayscale grayscale-fade\" \/><\/a><\/div><div class=\"membre-wrap\"><a href=\"https:\/\/www.abps.ch\/de\/members\/gutzwiller-cie-banquiers-2\" class=\"membre-1314\"><img decoding=\"async\" src=\"https:\/\/www.abps.ch\/wp-content\/uploads\/2017\/05\/abps-membres-gutzwiller-logo.png\" title=\"E. Gutzwiller & Cie, Banquiers\" alt=\"E. Gutzwiller & Cie, Banquiers\" class=\"grayscale grayscale-fade\" \/><\/a><\/div><div class=\"membre-wrap\"><a href=\"https:\/\/www.abps.ch\/de\/members\/banque-lombard-odier-cie-sa\" class=\"membre-1319\"><img decoding=\"async\" src=\"https:\/\/www.abps.ch\/wp-content\/uploads\/2017\/05\/abps-membres-lombarodier-logo-1.png\" title=\"Banque Lombard Odier & Cie SA\" alt=\"Banque Lombard Odier & Cie SA\" class=\"grayscale grayscale-fade\" \/><\/a><\/div><div class=\"membre-wrap\"><a href=\"https:\/\/www.abps.ch\/de\/members\/mirabaud-cie-sa\" class=\"membre-1321\"><img decoding=\"async\" src=\"https:\/\/www.abps.ch\/wp-content\/uploads\/2024\/05\/LOGO-MIRABAUD-RVB.jpg\" title=\"Mirabaud & Cie SA\" alt=\"Mirabaud & Cie SA\" class=\"grayscale grayscale-fade\" \/><\/a><\/div><div class=\"membre-wrap\"><a href=\"https:\/\/www.abps.ch\/de\/members\/banque-pictet-cie-sa\" class=\"membre-1325\"><img decoding=\"async\" src=\"https:\/\/www.abps.ch\/wp-content\/uploads\/2025\/07\/Pictet-2021-Logo-Color-PNG-RGB.png\" title=\"Pictet-Gruppe\" alt=\"Pictet-Gruppe\" class=\"grayscale grayscale-fade\" \/><\/a><\/div><div class=\"membre-wrap\"><a href=\"https:\/\/www.abps.ch\/de\/members\/rahnbodmer-co\" class=\"membre-1327\"><img decoding=\"async\" src=\"https:\/\/www.abps.ch\/wp-content\/uploads\/2017\/04\/abps-membre-logo-rahn-bodmer.svg\" title=\"Rahn+Bodmer Co.\" alt=\"Rahn+Bodmer Co.\" class=\"grayscale grayscale-fade\" \/><\/a><\/div><div class=\"membre-wrap\"><a href=\"https:\/\/www.abps.ch\/de\/members\/reichmuth-co-privatbankiers\" class=\"membre-1329\"><img decoding=\"async\" src=\"https:\/\/www.abps.ch\/wp-content\/uploads\/2017\/05\/RCo_Wortmarke_PB_Black_RGB.jpg\" title=\"Reichmuth & Co Privatbankiers\" alt=\"Reichmuth & Co Privatbankiers\" class=\"grayscale grayscale-fade\" \/><\/a><\/div><\/div>[\/vc_column][\/vc_row][vc_row][vc_column][vc_column_text]Informieren Sie sich und nutzen Sie Ihre Karrierechance![\/vc_column_text][\/vc_column][\/vc_row]<\/p>\n<\/div>","protected":false},"excerpt":{"rendered":"<p>[vc_row][vc_column][vc_column_text] M\u00f6chten Sie f\u00fcr einen der weltweit f\u00fchrenden Privatbanken arbeiten? [\/vc_column_text][vc_column_text]Das dynamische und kulturell vielf\u00e4ltige Umfeld, in welchem die Schweizer Privatbanken t\u00e4tig sind, er\u00f6ffnet aussergew\u00f6hnliche Perspektiven. Diese Banken haben ihren Ruf der Qualit\u00e4t ihrer Leistungen, ihrem Anpassungsverm\u00f6gen, ihrer Innovationsf\u00e4higkeit und ihrer Weltoffenheit zu verdanken. Sie sind gleichzeitig konservativ und fortschrittlich, traditionsbewusst und unkonventionell und werden &hellip; <\/p>\n<p class=\"link-more\"><a href=\"https:\/\/www.abps.ch\/de\/karrieremoeglichkeiten\/\" class=\"more-link\"><span class=\"screen-reader-text\">\u201eKarrierem\u00f6glichkeiten\u201c <\/span>weiterlesen<\/a><\/p>\n","protected":false},"author":1,"featured_media":0,"parent":0,"menu_order":0,"comment_status":"closed","ping_status":"closed","template":"","meta":{"_acf_changed":false,"footnotes":""},"class_list":["post-2091","page","type-page","status-publish","hentry"],"acf":[],"yoast_head":"<!-- This site is optimized with the Yoast SEO plugin v27.1.1 - https:\/\/yoast.com\/product\/yoast-seo-wordpress\/ -->\n<title>Karrierem\u00f6glichkeiten - ABPS<\/title>\n<meta name=\"robots\" content=\"index, follow, max-snippet:-1, max-image-preview:large, max-video-preview:-1\" \/>\n<link rel=\"canonical\" href=\"https:\/\/www.abps.ch\/carriere\/\" \/>\n<meta property=\"og:locale\" content=\"de_DE\" \/>\n<meta property=\"og:type\" content=\"article\" \/>\n<meta property=\"og:title\" content=\"Karrierem\u00f6glichkeiten - ABPS\" \/>\n<meta property=\"og:description\" content=\"[vc_row][vc_column][vc_column_text] M\u00f6chten Sie f\u00fcr einen der weltweit f\u00fchrenden Privatbanken arbeiten? [\/vc_column_text][vc_column_text]Das dynamische und kulturell vielf\u00e4ltige Umfeld, in welchem die Schweizer Privatbanken t\u00e4tig sind, er\u00f6ffnet aussergew\u00f6hnliche Perspektiven. Diese Banken haben ihren Ruf der Qualit\u00e4t ihrer Leistungen, ihrem Anpassungsverm\u00f6gen, ihrer Innovationsf\u00e4higkeit und ihrer Weltoffenheit zu verdanken. Sie sind gleichzeitig konservativ und fortschrittlich, traditionsbewusst und unkonventionell und werden &hellip; \u201eKarrierem\u00f6glichkeiten\u201c weiterlesen\" \/>\n<meta property=\"og:url\" content=\"https:\/\/www.abps.ch\/carriere\/\" \/>\n<meta property=\"og:site_name\" content=\"ABPS\" \/>\n<meta property=\"article:modified_time\" content=\"2017-06-14T11:49:02+00:00\" \/>\n<meta name=\"twitter:card\" content=\"summary_large_image\" \/>\n<meta name=\"twitter:label1\" content=\"Gesch\u00e4tzte Lesezeit\" \/>\n\t<meta name=\"twitter:data1\" content=\"1\u00a0Minute\" \/>\n<script type=\"application\/ld+json\" class=\"yoast-schema-graph\">{\"@context\":\"https:\/\/schema.org\",\"@graph\":[{\"@type\":\"WebPage\",\"@id\":\"https:\/\/www.abps.ch\/carriere\/\",\"url\":\"https:\/\/www.abps.ch\/carriere\/\",\"name\":\"Karrierem\u00f6glichkeiten - ABPS\",\"isPartOf\":{\"@id\":\"https:\/\/www.abps.ch\/#website\"},\"datePublished\":\"2017-05-24T07:32:13+00:00\",\"dateModified\":\"2017-06-14T11:49:02+00:00\",\"breadcrumb\":{\"@id\":\"https:\/\/www.abps.ch\/carriere\/#breadcrumb\"},\"inLanguage\":\"de\",\"potentialAction\":[{\"@type\":\"ReadAction\",\"target\":[\"https:\/\/www.abps.ch\/carriere\/\"]}]},{\"@type\":\"BreadcrumbList\",\"@id\":\"https:\/\/www.abps.ch\/carriere\/#breadcrumb\",\"itemListElement\":[{\"@type\":\"ListItem\",\"position\":1,\"name\":\"Home\",\"item\":\"https:\/\/www.abps.ch\/de\/\"},{\"@type\":\"ListItem\",\"position\":2,\"name\":\"Karrierem\u00f6glichkeiten\"}]},{\"@type\":\"WebSite\",\"@id\":\"https:\/\/www.abps.ch\/#website\",\"url\":\"https:\/\/www.abps.ch\/\",\"name\":\"ABPS\",\"description\":\"\",\"potentialAction\":[{\"@type\":\"SearchAction\",\"target\":{\"@type\":\"EntryPoint\",\"urlTemplate\":\"https:\/\/www.abps.ch\/?s={search_term_string}\"},\"query-input\":{\"@type\":\"PropertyValueSpecification\",\"valueRequired\":true,\"valueName\":\"search_term_string\"}}],\"inLanguage\":\"de\"}]}<\/script>\n<!-- \/ Yoast SEO plugin. -->","yoast_head_json":{"title":"Karrierem\u00f6glichkeiten - ABPS","robots":{"index":"index","follow":"follow","max-snippet":"max-snippet:-1","max-image-preview":"max-image-preview:large","max-video-preview":"max-video-preview:-1"},"canonical":"https:\/\/www.abps.ch\/carriere\/","og_locale":"de_DE","og_type":"article","og_title":"Karrierem\u00f6glichkeiten - ABPS","og_description":"[vc_row][vc_column][vc_column_text] M\u00f6chten Sie f\u00fcr einen der weltweit f\u00fchrenden Privatbanken arbeiten? [\/vc_column_text][vc_column_text]Das dynamische und kulturell vielf\u00e4ltige Umfeld, in welchem die Schweizer Privatbanken t\u00e4tig sind, er\u00f6ffnet aussergew\u00f6hnliche Perspektiven. Diese Banken haben ihren Ruf der Qualit\u00e4t ihrer Leistungen, ihrem Anpassungsverm\u00f6gen, ihrer Innovationsf\u00e4higkeit und ihrer Weltoffenheit zu verdanken. Sie sind gleichzeitig konservativ und fortschrittlich, traditionsbewusst und unkonventionell und werden &hellip; \u201eKarrierem\u00f6glichkeiten\u201c weiterlesen","og_url":"https:\/\/www.abps.ch\/carriere\/","og_site_name":"ABPS","article_modified_time":"2017-06-14T11:49:02+00:00","twitter_card":"summary_large_image","twitter_misc":{"Gesch\u00e4tzte Lesezeit":"1\u00a0Minute"},"schema":{"@context":"https:\/\/schema.org","@graph":[{"@type":"WebPage","@id":"https:\/\/www.abps.ch\/carriere\/","url":"https:\/\/www.abps.ch\/carriere\/","name":"Karrierem\u00f6glichkeiten - ABPS","isPartOf":{"@id":"https:\/\/www.abps.ch\/#website"},"datePublished":"2017-05-24T07:32:13+00:00","dateModified":"2017-06-14T11:49:02+00:00","breadcrumb":{"@id":"https:\/\/www.abps.ch\/carriere\/#breadcrumb"},"inLanguage":"de","potentialAction":[{"@type":"ReadAction","target":["https:\/\/www.abps.ch\/carriere\/"]}]},{"@type":"BreadcrumbList","@id":"https:\/\/www.abps.ch\/carriere\/#breadcrumb","itemListElement":[{"@type":"ListItem","position":1,"name":"Home","item":"https:\/\/www.abps.ch\/de\/"},{"@type":"ListItem","position":2,"name":"Karrierem\u00f6glichkeiten"}]},{"@type":"WebSite","@id":"https:\/\/www.abps.ch\/#website","url":"https:\/\/www.abps.ch\/","name":"ABPS","description":"","potentialAction":[{"@type":"SearchAction","target":{"@type":"EntryPoint","urlTemplate":"https:\/\/www.abps.ch\/?s={search_term_string}"},"query-input":{"@type":"PropertyValueSpecification","valueRequired":true,"valueName":"search_term_string"}}],"inLanguage":"de"}]}},"_links":{"self":[{"href":"https:\/\/www.abps.ch\/de\/wp-json\/wp\/v2\/pages\/2091","targetHints":{"allow":["GET"]}}],"collection":[{"href":"https:\/\/www.abps.ch\/de\/wp-json\/wp\/v2\/pages"}],"about":[{"href":"https:\/\/www.abps.ch\/de\/wp-json\/wp\/v2\/types\/page"}],"author":[{"embeddable":true,"href":"https:\/\/www.abps.ch\/de\/wp-json\/wp\/v2\/users\/1"}],"replies":[{"embeddable":true,"href":"https:\/\/www.abps.ch\/de\/wp-json\/wp\/v2\/comments?post=2091"}],"version-history":[{"count":5,"href":"https:\/\/www.abps.ch\/de\/wp-json\/wp\/v2\/pages\/2091\/revisions"}],"predecessor-version":[{"id":2489,"href":"https:\/\/www.abps.ch\/de\/wp-json\/wp\/v2\/pages\/2091\/revisions\/2489"}],"wp:attachment":[{"href":"https:\/\/www.abps.ch\/de\/wp-json\/wp\/v2\/media?parent=2091"}],"curies":[{"name":"wp","href":"https:\/\/api.w.org\/{rel}","templated":true}]}}