{"id":1155,"date":"2017-04-18T15:24:18","date_gmt":"2017-04-18T13:24:18","guid":{"rendered":"https:\/\/www.abps.ch\/nous-connaitre\/"},"modified":"2026-01-07T10:40:58","modified_gmt":"2026-01-07T09:40:58","slug":"ueber-uns","status":"publish","type":"page","link":"https:\/\/www.abps.ch\/de\/ueber-uns\/","title":{"rendered":"\u00dcber uns"},"content":{"rendered":"<div class=\"wpb-content-wrapper\"><p>[vc_row el_id=&#8220;notre-profil&#8220;][vc_column][vc_column_text][\/vc_column_text][vc_column_text css=&#8220;&#8220;]<\/p>\n<h3><strong>Die Vereinigung Schweizerischer Privatbanken (VSPB) z\u00e4hlt sieben Mitgliedsbanken, die weltweit rund 10000 Mitarbeitenden besch\u00e4ftigen.<\/strong><\/h3>\n<p>[\/vc_column_text][vc_column_text]Der Hauptaufgabe der VSPB mit ihrem st\u00e4ndigen Sekretariat in Genf besteht in der Wahrung und Vertretung der beruflichen Interessen der schweizerischen Privatbanken. Die Vereinigung setzt sich f\u00fcr die Schaffung und Erhaltung optimaler Rahmenbedingungen f\u00fcr die private und institutionelle Verm\u00f6gensverwaltung in der Schweiz ein.[\/vc_column_text][\/vc_column][\/vc_row][vc_row full_width=&#8220;stretch_row&#8220; el_id=&#8220;savoir-faire&#8220;][vc_column][vc_column_text]<\/p>\n<h3 style=\"text-align: center;\"><strong>Dank ihrem Know-how und ihrer Erfahrung kann die VSPB:<\/strong><\/h3>\n<h5 style=\"text-align: center;\"><strong>\u00a0<\/strong><\/h5>\n<p>[\/vc_column_text][vc_row_inner equal_height=&#8220;yes&#8220;][vc_column_inner width=&#8220;1\/3&#8243;][vc_column_text]<\/p>\n<h3>Die Interessen ihrer Mitglieder gegen\u00fcber Beh\u00f6rden in der Schweiz und im Ausland <strong>vertreten<\/strong><\/h3>\n<p>[\/vc_column_text][\/vc_column_inner][vc_column_inner width=&#8220;1\/3&#8243;][vc_column_text]<\/p>\n<h3><strong>Stellungnahmen verfassen<\/strong> im Rahmen von Konsultationsverfahren bei Gesetzes\u00e4nderungen oder anderen Rechtsakten<\/h3>\n<p>[\/vc_column_text][\/vc_column_inner][vc_column_inner width=&#8220;1\/3&#8243;][vc_column_text]<\/p>\n<h3><strong>Sich aktiv<\/strong> an Arbeiten schweizerischer Berufsverb\u00e4nde <strong>beteiligen<\/strong><\/h3>\n<p>[\/vc_column_text][\/vc_column_inner][\/vc_row_inner][vc_row_inner equal_height=&#8220;yes&#8220;][vc_column_inner width=&#8220;1\/3&#8243;][vc_column_text]<\/p>\n<h3>Die Interessen des Finanzplatzes Schweiz direkt oder \u00fcber die Schweizerische Bankiervereinigung <strong>vertreten<\/strong><\/h3>\n<p>[\/vc_column_text][\/vc_column_inner][vc_column_inner width=&#8220;1\/3&#8243;][vc_column_text]<\/p>\n<h3><strong>Das Image<\/strong> der auf Verm\u00f6gensverwaltung spezialisierten Privatbanken in der Schweiz und weltweit <strong>f\u00f6rdern<\/strong><\/h3>\n<p>[\/vc_column_text][\/vc_column_inner][vc_column_inner width=&#8220;1\/3&#8243;][vc_column_text]<\/p>\n<h3>Den Informations- und Erfahrungsaustausch zwischen ihren Mitgliedern <strong>f\u00f6rdern<\/strong><\/h3>\n<p>[\/vc_column_text][\/vc_column_inner][\/vc_row_inner][\/vc_column][\/vc_row][vc_row full_width=&#8220;stretch_row_content_no_spaces&#8220; el_id=&#8220;comite&#8220;][vc_column][vc_row_inner][vc_column_inner width=&#8220;1\/2&#8243;][vc_column_text]<\/p>\n<h2 class=\"cmsStyleTitlePageHghlights\">Der Vorstand<\/h2>\n<p>[\/vc_column_text][vc_column_text]Der f\u00fcr drei Jahre gew\u00e4hlte Vorstand ist das ausf\u00fchrende Organ der Vereinigung. Er wird von der Mitgliederversammlung aus den unbeschr\u00e4nkt haftenden Gesellschaftern und den Eigent\u00fcmern der Mitgliedsbanken gew\u00e4hlt.<\/p>\n<p>Er besteht aus Pr\u00e4sident, Vizepr\u00e4sident und zwei bis f\u00fcnf weiteren Mitgliedern.<\/p>\n<p>Bei der Zusammensetzung wird nach m\u00f6glichkeit auf die Vertretung der verschiedenen Sprachregionen sowie auf die Vertretung kleinerer und gr\u00f6sserer Banken geachtet.[\/vc_column_text][\/vc_column_inner][vc_column_inner width=&#8220;1\/2&#8243; css=&#8220;.vc_custom_1493364686014{background-image: url(https:\/\/www.abps.ch\/wp-content\/uploads\/2017\/04\/abps-nousconnaitre-meeting.jpg?id=505) !important;}&#8220;][vc_column_text]<\/p>\n<h2>Pr\u00e4sident<\/h2>\n<p>Gr\u00e9goire Bordier[\/vc_column_text][vc_column_text]<\/p>\n<h2>Vizepr\u00e4sident<\/h2>\n<p>Marc Pictet[\/vc_column_text][vc_column_text css=&#8220;&#8220;]<\/p>\n<h2>Mitglieder<\/h2>\n<p>Lionel Aeschlimann<\/p>\n<p>Denis Pittet<\/p>\n<p>Simon Rahn<\/p>\n<p>J\u00fcrg Staub[\/vc_column_text][\/vc_column_inner][\/vc_row_inner][\/vc_column][\/vc_row][vc_row full_width=&#8220;stretch_row&#8220; el_id=&#8220;secretariat&#8220;][vc_column][vc_column_text]<\/p>\n<h2 class=\"cmsStyleTitlePageHghlights\">Das Sekretariat<\/h2>\n<p>[\/vc_column_text][vc_row_inner][vc_column_inner width=&#8220;1\/2&#8243;][vc_column_text css=&#8220;&#8220;]Das st\u00e4ndige Sekretariat der Vereinigung Schweizerischer Privatbanken hat seinen Sitz in Genf und besteht aus drei Mitarbeiter. Es wird durch einen vom Vorstand gew\u00e4hlten Direktor geleitet.<\/p>\n<h4>Direktor :<\/h4>\n<p>Jan Bumann<\/p>\n<h4>Leiterin Recht :<\/h4>\n<p>Anne-Lise Chavaillaz<\/p>\n<h4>Assistentin der Gesch\u00e4ftsleitung :<\/h4>\n<p>Sarah Ryter[\/vc_column_text][\/vc_column_inner][vc_column_inner el_class=&#8220;border-left&#8220; width=&#8220;1\/2&#8243;][vc_column_text]<\/p>\n<h3><strong>Vereinigung Schweizerischer Privatbanken<\/strong><\/h3>\n<p>[\/vc_column_text][vc_column_text]Route des Acacias 60<br \/>\nCH-1211 Genf 73<\/p>\n<p>Tel.+41 22 807 08 00<br \/>\nE-mail : <a href=\"ma&#105;l&#116;o&#58;&#105;nf&#111;&#64;a&#98;&#112;s&#46;c&#104;\" class=\"email\" style=\"color: #838383; font-size: 15px;\">i&#110;&#102;&#111;&#64;&#97;&#98;&#112;s&#46;ch<\/a>[\/vc_column_text][\/vc_column_inner][\/vc_row_inner][\/vc_column][\/vc_row][vc_row el_id=&#8220;qui-sont-les-membres&#8220;][vc_column el_class=&#8220;qui-sont-les-membres&#8220;][vc_column_text]<\/p>\n<h2>Portr\u00e4t unserer Mitglieder<\/h2>\n<p>[\/vc_column_text][vc_column_text]Gem\u00e4ss Artikel 5 der Statuten kann jede schweizerische Privatbank Mitglied werden, &#8222;die haupts\u00e4chlich in der Verm\u00f6gensverwaltung f\u00fcr private oder institutionelle Kunden t\u00e4tig ist und dem Bundesgesetz \u00fcber die Banken und Sparkassen vom 8. November 1934 unterstellt ist&#8220;, sofern sie folgende Bedingungen erf\u00fcllt:[\/vc_column_text][vc_row_inner][vc_column_inner width=&#8220;1\/2&#8243;][vc_column_text]<\/p>\n<h4>Die Bank muss der Definition eines schweizerischen Privatbankiers entsprechen, bzw. die folgenden Kriterien erf\u00fcllen:<\/h4>\n<p>[\/vc_column_text][vc_column_text]<\/p>\n<ul>\n<li class=\"first\">Eintragung im Handelsregister als Bankier oder Bankgesch\u00e4ft in der Rechtsform einer Einzelfirma, Kollektiv-, oder Kommanditgesellschaft, so dass die Privatbank mindestens einen unbeschr\u00e4nkt haftenden Gesellschafter besitzt;<\/li>\n<li>Von der FINMA anerkannter Status als Schweizer Bank;<\/li>\n<li class=\"last\">Die Bank ist seit mindestens drei Jahren Mitglied der Schweizerischen Bankiervereinigung.<\/li>\n<\/ul>\n<p>[\/vc_column_text][\/vc_column_inner][vc_column_inner width=&#8220;1\/2&#8243;][vc_column_text]<\/p>\n<h4>Die Bank ist in Form einer Aktiengesellschaft schweizerischen Rechts organisiert und erf\u00fcllt folgende Bedingungen:<\/h4>\n<p>[\/vc_column_text][vc_column_text]<\/p>\n<ul>\n<li class=\"first\">Die Bank hat ihren Sitz in der Schweiz;<\/li>\n<li>Das Aktienkapital befindet sich in privater Hand (die Aktien sind nicht an der B\u00f6rse kotiert);<\/li>\n<li class=\"last\">Die Bank ist seit mindestens drei Jahren Mitglied der Schweizerischen Bankiervereinigung.<\/li>\n<\/ul>\n<p>[\/vc_column_text][\/vc_column_inner][\/vc_row_inner][vc_column_text el_class=&#8220;nota-bene&#8220;]<\/p>\n<p style=\"text-align: center;\"><em>Nota bene: Die Erf\u00fcllung dieser Bedingungen verleiht einer Bank nicht das Recht, Mitglied der Vereinigung zu werden.<\/em><\/p>\n<p>[\/vc_column_text][\/vc_column][\/vc_row][vc_row full_width=&#8220;stretch_row&#8220; el_id=&#8220;les-membres&#8220;][vc_column][vc_column_text el_class=&#8220;title_middle&#8220;]<\/p>\n<h2 style=\"text-align: center;\">Mitglieder<\/h2>\n<p>[\/vc_column_text][vc_row_inner][vc_column_inner]<div class=\"partner-logo\"><div class=\"membre-wrap\"><a href=\"https:\/\/www.abps.ch\/de\/members\/bordier-cie\" class=\"membre-1252\"><img decoding=\"async\" src=\"https:\/\/www.abps.ch\/wp-content\/uploads\/2017\/05\/Bordier-Logo-Black.svg\" title=\"Bordier & Cie\" alt=\"Bordier & Cie\" class=\"grayscale grayscale-fade\" \/><\/a><\/div><div class=\"membre-wrap\"><a href=\"https:\/\/www.abps.ch\/de\/members\/gutzwiller-cie-banquiers-2\" class=\"membre-1314\"><img decoding=\"async\" src=\"https:\/\/www.abps.ch\/wp-content\/uploads\/2017\/05\/abps-membres-gutzwiller-logo.png\" title=\"E. Gutzwiller & Cie, Banquiers\" alt=\"E. Gutzwiller & Cie, Banquiers\" class=\"grayscale grayscale-fade\" \/><\/a><\/div><div class=\"membre-wrap\"><a href=\"https:\/\/www.abps.ch\/de\/members\/banque-lombard-odier-cie-sa\" class=\"membre-1319\"><img decoding=\"async\" src=\"https:\/\/www.abps.ch\/wp-content\/uploads\/2017\/05\/abps-membres-lombarodier-logo-1.png\" title=\"Banque Lombard Odier & Cie SA\" alt=\"Banque Lombard Odier & Cie SA\" class=\"grayscale grayscale-fade\" \/><\/a><\/div><div class=\"membre-wrap\"><a href=\"https:\/\/www.abps.ch\/de\/members\/mirabaud-cie-sa\" class=\"membre-1321\"><img decoding=\"async\" src=\"https:\/\/www.abps.ch\/wp-content\/uploads\/2024\/05\/LOGO-MIRABAUD-RVB.jpg\" title=\"Mirabaud & Cie SA\" alt=\"Mirabaud & Cie SA\" class=\"grayscale grayscale-fade\" \/><\/a><\/div><div class=\"membre-wrap\"><a href=\"https:\/\/www.abps.ch\/de\/members\/banque-pictet-cie-sa\" class=\"membre-1325\"><img decoding=\"async\" src=\"https:\/\/www.abps.ch\/wp-content\/uploads\/2025\/07\/Pictet-2021-Logo-Color-PNG-RGB.png\" title=\"Pictet-Gruppe\" alt=\"Pictet-Gruppe\" class=\"grayscale grayscale-fade\" \/><\/a><\/div><div class=\"membre-wrap\"><a href=\"https:\/\/www.abps.ch\/de\/members\/rahnbodmer-co\" class=\"membre-1327\"><img decoding=\"async\" src=\"https:\/\/www.abps.ch\/wp-content\/uploads\/2017\/04\/abps-membre-logo-rahn-bodmer.svg\" title=\"Rahn+Bodmer Co.\" alt=\"Rahn+Bodmer Co.\" class=\"grayscale grayscale-fade\" \/><\/a><\/div><div class=\"membre-wrap\"><a href=\"https:\/\/www.abps.ch\/de\/members\/reichmuth-co-privatbankiers\" class=\"membre-1329\"><img decoding=\"async\" src=\"https:\/\/www.abps.ch\/wp-content\/uploads\/2017\/05\/RCo_Wortmarke_PB_Black_RGB.jpg\" title=\"Reichmuth & Co Privatbankiers\" alt=\"Reichmuth & Co Privatbankiers\" class=\"grayscale grayscale-fade\" \/><\/a><\/div><\/div>[\/vc_column_inner][\/vc_row_inner][\/vc_column][\/vc_row]<\/p>\n<\/div>","protected":false},"excerpt":{"rendered":"<p>[vc_row el_id=&#8220;notre-profil&#8220;][vc_column][vc_column_text][\/vc_column_text][vc_column_text css=&#8220;&#8220;] Die Vereinigung Schweizerischer Privatbanken (VSPB) z\u00e4hlt sieben Mitgliedsbanken, die weltweit rund 10000 Mitarbeitenden besch\u00e4ftigen. [\/vc_column_text][vc_column_text]Der Hauptaufgabe der VSPB mit ihrem st\u00e4ndigen Sekretariat in Genf besteht in der Wahrung und Vertretung der beruflichen Interessen der schweizerischen Privatbanken. Die Vereinigung setzt sich f\u00fcr die Schaffung und Erhaltung optimaler Rahmenbedingungen f\u00fcr die private und institutionelle &hellip; <\/p>\n<p class=\"link-more\"><a href=\"https:\/\/www.abps.ch\/de\/ueber-uns\/\" class=\"more-link\"><span class=\"screen-reader-text\">\u201e\u00dcber uns\u201c <\/span>weiterlesen<\/a><\/p>\n","protected":false},"author":1,"featured_media":0,"parent":0,"menu_order":0,"comment_status":"closed","ping_status":"closed","template":"template-connaitre.php","meta":{"_acf_changed":false,"footnotes":""},"class_list":["post-1155","page","type-page","status-publish","hentry"],"acf":[],"yoast_head":"<!-- This site is optimized with the Yoast SEO plugin v27.1.1 - https:\/\/yoast.com\/product\/yoast-seo-wordpress\/ -->\n<title>\u00dcber uns - ABPS<\/title>\n<meta name=\"robots\" content=\"index, follow, max-snippet:-1, max-image-preview:large, max-video-preview:-1\" \/>\n<link rel=\"canonical\" href=\"https:\/\/www.abps.ch\/de\/ueber-uns\/\" \/>\n<meta property=\"og:locale\" content=\"de_DE\" \/>\n<meta property=\"og:type\" content=\"article\" \/>\n<meta property=\"og:title\" content=\"\u00dcber uns - ABPS\" \/>\n<meta property=\"og:description\" content=\"[vc_row el_id=&#8220;notre-profil&#8220;][vc_column][vc_column_text][\/vc_column_text][vc_column_text css=&#8220;&#8220;] Die Vereinigung Schweizerischer Privatbanken (VSPB) z\u00e4hlt sieben Mitgliedsbanken, die weltweit rund 10000 Mitarbeitenden besch\u00e4ftigen. [\/vc_column_text][vc_column_text]Der Hauptaufgabe der VSPB mit ihrem st\u00e4ndigen Sekretariat in Genf besteht in der Wahrung und Vertretung der beruflichen Interessen der schweizerischen Privatbanken. Die Vereinigung setzt sich f\u00fcr die Schaffung und Erhaltung optimaler Rahmenbedingungen f\u00fcr die private und institutionelle &hellip; \u201e\u00dcber uns\u201c weiterlesen\" \/>\n<meta property=\"og:url\" content=\"https:\/\/www.abps.ch\/de\/ueber-uns\/\" \/>\n<meta property=\"og:site_name\" content=\"ABPS\" \/>\n<meta property=\"article:modified_time\" content=\"2026-01-07T09:40:58+00:00\" \/>\n<meta name=\"twitter:card\" content=\"summary_large_image\" \/>\n<meta name=\"twitter:label1\" content=\"Gesch\u00e4tzte Lesezeit\" \/>\n\t<meta name=\"twitter:data1\" content=\"3\u00a0Minuten\" \/>\n<script type=\"application\/ld+json\" class=\"yoast-schema-graph\">{\"@context\":\"https:\/\/schema.org\",\"@graph\":[{\"@type\":\"WebPage\",\"@id\":\"https:\/\/www.abps.ch\/de\/ueber-uns\/\",\"url\":\"https:\/\/www.abps.ch\/de\/ueber-uns\/\",\"name\":\"\u00dcber uns - ABPS\",\"isPartOf\":{\"@id\":\"https:\/\/www.abps.ch\/#website\"},\"datePublished\":\"2017-04-18T13:24:18+00:00\",\"dateModified\":\"2026-01-07T09:40:58+00:00\",\"breadcrumb\":{\"@id\":\"https:\/\/www.abps.ch\/de\/ueber-uns\/#breadcrumb\"},\"inLanguage\":\"de\",\"potentialAction\":[{\"@type\":\"ReadAction\",\"target\":[\"https:\/\/www.abps.ch\/de\/ueber-uns\/\"]}]},{\"@type\":\"BreadcrumbList\",\"@id\":\"https:\/\/www.abps.ch\/de\/ueber-uns\/#breadcrumb\",\"itemListElement\":[{\"@type\":\"ListItem\",\"position\":1,\"name\":\"Home\",\"item\":\"https:\/\/www.abps.ch\/de\/\"},{\"@type\":\"ListItem\",\"position\":2,\"name\":\"\u00dcber uns\"}]},{\"@type\":\"WebSite\",\"@id\":\"https:\/\/www.abps.ch\/#website\",\"url\":\"https:\/\/www.abps.ch\/\",\"name\":\"ABPS\",\"description\":\"\",\"potentialAction\":[{\"@type\":\"SearchAction\",\"target\":{\"@type\":\"EntryPoint\",\"urlTemplate\":\"https:\/\/www.abps.ch\/?s={search_term_string}\"},\"query-input\":{\"@type\":\"PropertyValueSpecification\",\"valueRequired\":true,\"valueName\":\"search_term_string\"}}],\"inLanguage\":\"de\"}]}<\/script>\n<!-- \/ Yoast SEO plugin. -->","yoast_head_json":{"title":"\u00dcber uns - ABPS","robots":{"index":"index","follow":"follow","max-snippet":"max-snippet:-1","max-image-preview":"max-image-preview:large","max-video-preview":"max-video-preview:-1"},"canonical":"https:\/\/www.abps.ch\/de\/ueber-uns\/","og_locale":"de_DE","og_type":"article","og_title":"\u00dcber uns - ABPS","og_description":"[vc_row el_id=&#8220;notre-profil&#8220;][vc_column][vc_column_text][\/vc_column_text][vc_column_text css=&#8220;&#8220;] Die Vereinigung Schweizerischer Privatbanken (VSPB) z\u00e4hlt sieben Mitgliedsbanken, die weltweit rund 10000 Mitarbeitenden besch\u00e4ftigen. [\/vc_column_text][vc_column_text]Der Hauptaufgabe der VSPB mit ihrem st\u00e4ndigen Sekretariat in Genf besteht in der Wahrung und Vertretung der beruflichen Interessen der schweizerischen Privatbanken. Die Vereinigung setzt sich f\u00fcr die Schaffung und Erhaltung optimaler Rahmenbedingungen f\u00fcr die private und institutionelle &hellip; \u201e\u00dcber uns\u201c weiterlesen","og_url":"https:\/\/www.abps.ch\/de\/ueber-uns\/","og_site_name":"ABPS","article_modified_time":"2026-01-07T09:40:58+00:00","twitter_card":"summary_large_image","twitter_misc":{"Gesch\u00e4tzte Lesezeit":"3\u00a0Minuten"},"schema":{"@context":"https:\/\/schema.org","@graph":[{"@type":"WebPage","@id":"https:\/\/www.abps.ch\/de\/ueber-uns\/","url":"https:\/\/www.abps.ch\/de\/ueber-uns\/","name":"\u00dcber uns - ABPS","isPartOf":{"@id":"https:\/\/www.abps.ch\/#website"},"datePublished":"2017-04-18T13:24:18+00:00","dateModified":"2026-01-07T09:40:58+00:00","breadcrumb":{"@id":"https:\/\/www.abps.ch\/de\/ueber-uns\/#breadcrumb"},"inLanguage":"de","potentialAction":[{"@type":"ReadAction","target":["https:\/\/www.abps.ch\/de\/ueber-uns\/"]}]},{"@type":"BreadcrumbList","@id":"https:\/\/www.abps.ch\/de\/ueber-uns\/#breadcrumb","itemListElement":[{"@type":"ListItem","position":1,"name":"Home","item":"https:\/\/www.abps.ch\/de\/"},{"@type":"ListItem","position":2,"name":"\u00dcber uns"}]},{"@type":"WebSite","@id":"https:\/\/www.abps.ch\/#website","url":"https:\/\/www.abps.ch\/","name":"ABPS","description":"","potentialAction":[{"@type":"SearchAction","target":{"@type":"EntryPoint","urlTemplate":"https:\/\/www.abps.ch\/?s={search_term_string}"},"query-input":{"@type":"PropertyValueSpecification","valueRequired":true,"valueName":"search_term_string"}}],"inLanguage":"de"}]}},"_links":{"self":[{"href":"https:\/\/www.abps.ch\/de\/wp-json\/wp\/v2\/pages\/1155","targetHints":{"allow":["GET"]}}],"collection":[{"href":"https:\/\/www.abps.ch\/de\/wp-json\/wp\/v2\/pages"}],"about":[{"href":"https:\/\/www.abps.ch\/de\/wp-json\/wp\/v2\/types\/page"}],"author":[{"embeddable":true,"href":"https:\/\/www.abps.ch\/de\/wp-json\/wp\/v2\/users\/1"}],"replies":[{"embeddable":true,"href":"https:\/\/www.abps.ch\/de\/wp-json\/wp\/v2\/comments?post=1155"}],"version-history":[{"count":60,"href":"https:\/\/www.abps.ch\/de\/wp-json\/wp\/v2\/pages\/1155\/revisions"}],"predecessor-version":[{"id":16243,"href":"https:\/\/www.abps.ch\/de\/wp-json\/wp\/v2\/pages\/1155\/revisions\/16243"}],"wp:attachment":[{"href":"https:\/\/www.abps.ch\/de\/wp-json\/wp\/v2\/media?parent=1155"}],"curies":[{"name":"wp","href":"https:\/\/api.w.org\/{rel}","templated":true}]}}