{"id":1150,"date":"2017-04-26T15:28:04","date_gmt":"2017-04-26T13:28:04","guid":{"rendered":"https:\/\/www.abps.ch\/commandes-rapports\/"},"modified":"2017-06-13T14:01:31","modified_gmt":"2017-06-13T12:01:31","slug":"bestellformular","status":"publish","type":"page","link":"https:\/\/www.abps.ch\/de\/bestellformular\/","title":{"rendered":"Bestellformular"},"content":{"rendered":"<div class=\"wpb-content-wrapper\"><p>[vc_row 0=&#8220;&#8220;][vc_column 0=&#8220;&#8220;][vc_column_text 0=&#8220;&#8220;]<\/p>\n<h2>Bestellen<\/h2>\n<p>[\/vc_column_text][vc_column_text 0=&#8220;&#8220;]Wenn Sie ein gedrucktes Exemplar unserer Ver\u00f6ffentlichungen bestellen m\u00f6chten, bitten wir Sie, folgende Informationen zu vervollst\u00e4ndigen.[\/vc_column_text]\n<div class=\"wpcf7 no-js\" id=\"wpcf7-f1420-o1\" lang=\"fr-FR\" dir=\"ltr\" data-wpcf7-id=\"1420\">\n<div class=\"screen-reader-response\"><p role=\"status\" aria-live=\"polite\" aria-atomic=\"true\"><\/p> <ul><\/ul><\/div>\n<form action=\"\/de\/wp-json\/wp\/v2\/pages\/1150#wpcf7-f1420-o1\" method=\"post\" class=\"wpcf7-form init\" aria-label=\"Formulaire de contact\" novalidate=\"novalidate\" data-status=\"init\">\n<fieldset class=\"hidden-fields-container\"><input type=\"hidden\" name=\"_wpcf7\" value=\"1420\" \/><input type=\"hidden\" name=\"_wpcf7_version\" value=\"6.1.5\" \/><input type=\"hidden\" name=\"_wpcf7_locale\" value=\"fr_FR\" \/><input type=\"hidden\" name=\"_wpcf7_unit_tag\" value=\"wpcf7-f1420-o1\" \/><input type=\"hidden\" name=\"_wpcf7_container_post\" value=\"0\" \/><input type=\"hidden\" name=\"_wpcf7_posted_data_hash\" value=\"\" \/>\n<\/fieldset>\n<div class=\"two-three part first\">\n\t<p><span class=\"ras-label\">Auswahl*<\/span><span class=\"wpcf7-form-control-wrap\" data-name=\"ra\"><span class=\"wpcf7-form-control wpcf7-checkbox wpcf7-validates-as-required\"><span class=\"wpcf7-list-item first\"><label><input type=\"checkbox\" name=\"ra[]\" value=\"Jahresbericht 2024\" \/><span class=\"wpcf7-list-item-label\">Jahresbericht 2024<\/span><\/label><\/span><span class=\"wpcf7-list-item\"><label><input type=\"checkbox\" name=\"ra[]\" value=\"Jahresbericht 2023\" \/><span class=\"wpcf7-list-item-label\">Jahresbericht 2023<\/span><\/label><\/span><span class=\"wpcf7-list-item last\"><label><input type=\"checkbox\" name=\"ra[]\" value=\"Jahresbericht 2022\" \/><span class=\"wpcf7-list-item-label\">Jahresbericht 2022<\/span><\/label><\/span><\/span><\/span>\n\t<\/p>\n<\/div>\n<div class=\"two-three part\">\n\t<p><label class=\"civilite-label\">Anrede<\/label><span class=\"wpcf7-form-control-wrap\" data-name=\"civilite\"><span class=\"wpcf7-form-control wpcf7-radio\"><span class=\"wpcf7-list-item first\"><label><input type=\"radio\" name=\"civilite\" value=\"Frau \/ Fr\u00e4ulein\" \/><span class=\"wpcf7-list-item-label\">Frau \/ Fr\u00e4ulein<\/span><\/label><\/span><span class=\"wpcf7-list-item last\"><label><input type=\"radio\" name=\"civilite\" value=\"Herr\" \/><span class=\"wpcf7-list-item-label\">Herr<\/span><\/label><\/span><\/span><\/span>\n\t<\/p>\n<\/div>\n<div class=\"one-three part obligatoire\">\n\t<p>* Pflichtfelder\n\t<\/p>\n<\/div>\n<div class=\"half part left\">\n\t<p><span class=\"wpcf7-form-control-wrap\" data-name=\"societe\"><input size=\"40\" maxlength=\"400\" class=\"wpcf7-form-control wpcf7-text\" aria-invalid=\"false\" placeholder=\"Firma*\" value=\"\" type=\"text\" name=\"societe\" \/><\/span>\n\t<\/p>\n<\/div>\n<div class=\"half part left\">\n\t<p><span class=\"wpcf7-form-control-wrap\" data-name=\"nom\"><input size=\"40\" maxlength=\"400\" class=\"wpcf7-form-control wpcf7-text wpcf7-validates-as-required\" aria-required=\"true\" aria-invalid=\"false\" placeholder=\"Vorname*\" value=\"\" type=\"text\" name=\"nom\" \/><\/span>\n\t<\/p>\n<\/div>\n<div class=\"half part right\">\n\t<p><span class=\"wpcf7-form-control-wrap\" data-name=\"prenom\"><input size=\"40\" maxlength=\"400\" class=\"wpcf7-form-control wpcf7-text wpcf7-validates-as-required\" aria-required=\"true\" aria-invalid=\"false\" placeholder=\"Name*\" value=\"\" type=\"text\" name=\"prenom\" \/><\/span>\n\t<\/p>\n<\/div>\n<div class=\"full part\">\n\t<p><span class=\"wpcf7-form-control-wrap\" data-name=\"adresse\"><input size=\"40\" maxlength=\"400\" class=\"wpcf7-form-control wpcf7-text\" aria-invalid=\"false\" placeholder=\"Adresse\" value=\"\" type=\"text\" name=\"adresse\" \/><\/span>\n\t<\/p>\n<\/div>\n<div class=\"full part\">\n\t<p><span class=\"wpcf7-form-control-wrap\" data-name=\"adresse_suite\"><input size=\"40\" maxlength=\"400\" class=\"wpcf7-form-control wpcf7-text\" aria-invalid=\"false\" placeholder=\"Folgende Adresse\" value=\"\" type=\"text\" name=\"adresse_suite\" \/><\/span>\n\t<\/p>\n<\/div>\n<div class=\"half part left\">\n\t<p><span class=\"wpcf7-form-control-wrap\" data-name=\"cp\"><input class=\"wpcf7-form-control wpcf7-number wpcf7-validates-as-required wpcf7-validates-as-number\" aria-required=\"true\" aria-invalid=\"false\" placeholder=\"Postleitzahl*\" value=\"\" type=\"number\" name=\"cp\" \/><\/span>\n\t<\/p>\n<\/div>\n<div class=\"half part right\">\n\t<p><span class=\"wpcf7-form-control-wrap\" data-name=\"ville\"><input size=\"40\" maxlength=\"400\" class=\"wpcf7-form-control wpcf7-text wpcf7-validates-as-required\" aria-required=\"true\" aria-invalid=\"false\" placeholder=\"Stadt*\" value=\"\" type=\"text\" name=\"ville\" \/><\/span>\n\t<\/p>\n<\/div>\n<div class=\"half part left\">\n\t<p><span class=\"wpcf7-form-control-wrap\" data-name=\"pays\"><select class=\"wpcf7-form-control wpcf7-select wpcf7-validates-as-required\" aria-required=\"true\" aria-invalid=\"false\" name=\"pays\"><option value=\"Land*\">Land*<\/option><option value=\"Erde\">Erde<\/option><option value=\"Europ\u0160ische Union\">Europ\u0160ische Union<\/option><option value=\"Afrikanische Union\">Afrikanische Union<\/option><option value=\"Verband S\u0178dostasiatischer Nationen\">Verband S\u0178dostasiatischer Nationen<\/option><option value=\"Union S\u0178damerikanischer Nationen\">Union S\u0178damerikanischer Nationen<\/option><option value=\"Abchasien\">Abchasien<\/option><option value=\"Afghanistan\">Afghanistan<\/option><option value=\"\u20acgypten\">\u20acgypten<\/option><option value=\"Albanien\">Albanien<\/option><option value=\"Algerien\">Algerien<\/option><option value=\"Andorra\">Andorra<\/option><option value=\"Angola\">Angola<\/option><option value=\"Antigua und Barbuda\">Antigua und Barbuda<\/option><option value=\"\u20acquatorialguinea\">\u20acquatorialguinea<\/option><option value=\"Argentinien\">Argentinien<\/option><option value=\"Armenien\">Armenien<\/option><option value=\"Aserbaidschan\">Aserbaidschan<\/option><option value=\"\u20acthiopien\">\u20acthiopien<\/option><option value=\"Australien\">Australien<\/option><option value=\"Bahamas\">Bahamas<\/option><option value=\"Bahrain\">Bahrain<\/option><option value=\"Bangladesch\">Bangladesch<\/option><option value=\"Barbados\">Barbados<\/option><option value=\"Belgien\">Belgien<\/option><option value=\"Belize\">Belize<\/option><option value=\"Benin\">Benin<\/option><option value=\"Bergkarabach\">Bergkarabach<\/option><option value=\"Bhutan\">Bhutan<\/option><option value=\"Bolivien\">Bolivien<\/option><option value=\"Bosnien und Herzegowina\">Bosnien und Herzegowina<\/option><option value=\"Botswana\">Botswana<\/option><option value=\"Brasilien\">Brasilien<\/option><option value=\"Brunei\">Brunei<\/option><option value=\"Bulgarien\">Bulgarien<\/option><option value=\"Burkina Faso\">Burkina Faso<\/option><option value=\"Burundi\">Burundi<\/option><option value=\"Chile\">Chile<\/option><option value=\"Republik China\">Republik China<\/option><option value=\"Volksrepublik China\">Volksrepublik China<\/option><option value=\"mit Hongkong (HK) und Macao (MO)\">mit Hongkong (HK) und Macao (MO)<\/option><option value=\"Cookinseln\">Cookinseln<\/option><option value=\"Costa Rica\">Costa Rica<\/option><option value=\"D\u0160nemark\">D\u0160nemark<\/option><option value=\"mit F\u0160r\u0161er (FO) und Gr\u0161nland (GL)\">mit F\u0160r\u0161er (FO) und Gr\u0161nland (GL)<\/option><option value=\"Deutschland\">Deutschland<\/option><option value=\"Dominica\">Dominica<\/option><option value=\"Dominikanische Republik\">Dominikanische Republik<\/option><option value=\"Dschibuti\">Dschibuti<\/option><option value=\"Ecuador\">Ecuador<\/option><option value=\"El Salvador\">El Salvador<\/option><option value=\"Elfenbeink\u0178ste\">Elfenbeink\u0178ste<\/option><option value=\"Eritrea\">Eritrea<\/option><option value=\"Estland\">Estland<\/option><option value=\"Fidschi\">Fidschi<\/option><option value=\"Finnland\">Finnland<\/option><option value=\"Frankreich\">Frankreich<\/option><option value=\"(ohne Franz\u0161sische \u2020berseegebiete)\">(ohne Franz\u0161sische \u2020berseegebiete)<\/option><option value=\"Gabun\">Gabun<\/option><option value=\"Gambia\">Gambia<\/option><option value=\"Georgien\">Georgien<\/option><option value=\"(mit Abchasien und S\u0178dossetien)\">(mit Abchasien und S\u0178dossetien)<\/option><option value=\"Ghana\">Ghana<\/option><option value=\"Grenada\">Grenada<\/option><option value=\"Griechenland\">Griechenland<\/option><option value=\"Guatemala\">Guatemala<\/option><option value=\"Guinea\">Guinea<\/option><option value=\"Guinea-Bissau\">Guinea-Bissau<\/option><option value=\"Guyana\">Guyana<\/option><option value=\"Haiti\">Haiti<\/option><option value=\"Honduras\">Honduras<\/option><option value=\"Indien\">Indien<\/option><option value=\"(mit Kaschmir)\">(mit Kaschmir)<\/option><option value=\"Indonesien\">Indonesien<\/option><option value=\"Irak\">Irak<\/option><option value=\"Iran\">Iran<\/option><option value=\"Irland\">Irland<\/option><option value=\"Island\">Island<\/option><option value=\"Israel\">Israel<\/option><option value=\"(ohne Gazastreifen, Golanh\u0161hen und Westjordanland)\">(ohne Gazastreifen, Golanh\u0161hen und Westjordanland)<\/option><option value=\"Italien\">Italien<\/option><option value=\"Jamaika\">Jamaika<\/option><option value=\"Japan\">Japan<\/option><option value=\"Jemen\">Jemen<\/option><option value=\"Jordanien\">Jordanien<\/option><option value=\"Kambodscha\">Kambodscha<\/option><option value=\"Kamerun\">Kamerun<\/option><option value=\"Kanada\">Kanada<\/option><option value=\"Kap Verde\">Kap Verde<\/option><option value=\"Kasachstan\">Kasachstan<\/option><option value=\"Katar\">Katar<\/option><option value=\"Kenia\">Kenia<\/option><option value=\"Kirgisistan\">Kirgisistan<\/option><option value=\"Kiribati\">Kiribati<\/option><option value=\"Kolumbien\">Kolumbien<\/option><option value=\"Komoren\">Komoren<\/option><option value=\"Kongo, Demokratische Republik\">Kongo, Demokratische Republik<\/option><option value=\"Kongo, Republik\">Kongo, Republik<\/option><option value=\"Korea, Nord\">Korea, Nord<\/option><option value=\"Korea, S\u0178d\">Korea, S\u0178d<\/option><option value=\"Kosovo\">Kosovo<\/option><option value=\"Kroatien\">Kroatien<\/option><option value=\"Kuba\">Kuba<\/option><option value=\"Kuwait\">Kuwait<\/option><option value=\"Laos\">Laos<\/option><option value=\"Lesotho\">Lesotho<\/option><option value=\"Lettland\">Lettland<\/option><option value=\"Libanon\">Libanon<\/option><option value=\"Liberia\">Liberia<\/option><option value=\"Libyen\">Libyen<\/option><option value=\"Liechtenstein\">Liechtenstein<\/option><option value=\"Litauen\">Litauen<\/option><option value=\"Luxemburg\">Luxemburg<\/option><option value=\"Madagaskar\">Madagaskar<\/option><option value=\"Malawi\">Malawi<\/option><option value=\"Malaysia\">Malaysia<\/option><option value=\"Malediven\">Malediven<\/option><option value=\"Mali\">Mali<\/option><option value=\"Malta\">Malta<\/option><option value=\"Marokko\">Marokko<\/option><option value=\"(ohne Westsahara)\">(ohne Westsahara)<\/option><option value=\"Marshallinseln\">Marshallinseln<\/option><option value=\"Mauretanien\">Mauretanien<\/option><option value=\"Mauritius\">Mauritius<\/option><option value=\"Mazedonien\">Mazedonien<\/option><option value=\"Mexiko\">Mexiko<\/option><option value=\"Mikronesien\">Mikronesien<\/option><option value=\"Moldawien\">Moldawien<\/option><option value=\"(mit Transnistrien)\">(mit Transnistrien)<\/option><option value=\"Monaco\">Monaco<\/option><option value=\"Mongolei\">Mongolei<\/option><option value=\"Montenegro\">Montenegro<\/option><option value=\"Mosambik\">Mosambik<\/option><option value=\"Myanmar\">Myanmar<\/option><option value=\"Namibia\">Namibia<\/option><option value=\"Nauru\">Nauru<\/option><option value=\"Nepal\">Nepal<\/option><option value=\"Neuseeland\">Neuseeland<\/option><option value=\"Nicaragua\">Nicaragua<\/option><option value=\"K\u0161nigreich der Niederlande (ohne Cura\u008dao, Sint Maarten und Aruba)\">K\u0161nigreich der Niederlande (ohne Cura\u008dao, Sint Maarten und Aruba)<\/option><option value=\"Niger\">Niger<\/option><option value=\"Nigeria\">Nigeria<\/option><option value=\"Niue\">Niue<\/option><option value=\"Nordzypern\">Nordzypern<\/option><option value=\"Norwegen (ohne Svalbard)\">Norwegen (ohne Svalbard)<\/option><option value=\"Oman \u2026sterreich\">Oman \u2026sterreich<\/option><option value=\"Osttimor \/ Timor-Leste\">Osttimor \/ Timor-Leste<\/option><option value=\"Pakistan\">Pakistan<\/option><option value=\"(ohne Kaschmir)\">(ohne Kaschmir)<\/option><option value=\"Pal\u0160stina\">Pal\u0160stina<\/option><option value=\"Palau\">Palau<\/option><option value=\"Panama\">Panama<\/option><option value=\"Papua-Neuguinea\">Papua-Neuguinea<\/option><option value=\"Paraguay\">Paraguay<\/option><option value=\"Peru\">Peru<\/option><option value=\"Philippinen\">Philippinen<\/option><option value=\"Polen\">Polen<\/option><option value=\"Portugal\">Portugal<\/option><option value=\"Ruanda\">Ruanda<\/option><option value=\"Rum\u0160nien\">Rum\u0160nien<\/option><option value=\"Russland\">Russland<\/option><option value=\"Salomonen\">Salomonen<\/option><option value=\"Sambia\">Sambia<\/option><option value=\"Samoa\">Samoa<\/option><option value=\"San Marino\">San Marino<\/option><option value=\"S\u2039o Tom\u017d und Pr\u2019ncipe\">S\u2039o Tom\u017d und Pr\u2019ncipe<\/option><option value=\"Saudi-Arabien\">Saudi-Arabien<\/option><option value=\"Schweden\">Schweden<\/option><option value=\"Schweiz\">Schweiz<\/option><option value=\"Senegal\">Senegal<\/option><option value=\"Serbien (ohne Kosovo)\">Serbien (ohne Kosovo)<\/option><option value=\"Seychellen\">Seychellen<\/option><option value=\"Sierra Leone\">Sierra Leone<\/option><option value=\"Simbabwe\">Simbabwe<\/option><option value=\"Singapur\">Singapur<\/option><option value=\"Slowakei\">Slowakei<\/option><option value=\"Slowenien\">Slowenien<\/option><option value=\"Somalia (mit Somaliland)\">Somalia (mit Somaliland)<\/option><option value=\"Somaliland\">Somaliland<\/option><option value=\"Spanien\">Spanien<\/option><option value=\"Sri Lanka\">Sri Lanka<\/option><option value=\"St. Kitts und Nevis\">St. Kitts und Nevis<\/option><option value=\"St. Lucia\">St. Lucia<\/option><option value=\"St. Vincent und die Grenadinen\">St. Vincent und die Grenadinen<\/option><option value=\"S\u0178dafrika\">S\u0178dafrika<\/option><option value=\"Sudan\">Sudan<\/option><option value=\"S\u0178dossetien\">S\u0178dossetien<\/option><option value=\"S\u0178dsudan\">S\u0178dsudan<\/option><option value=\"Suriname\">Suriname<\/option><option value=\"Swasiland\">Swasiland<\/option><option value=\"Syrien (mit Golanh\u0161hen)\">Syrien (mit Golanh\u0161hen)<\/option><option value=\"Tadschikistan\">Tadschikistan<\/option><option value=\"Tansania\">Tansania<\/option><option value=\"Thailand\">Thailand<\/option><option value=\"Togo\">Togo<\/option><option value=\"Tonga\">Tonga<\/option><option value=\"Transnistrien\">Transnistrien<\/option><option value=\"Trinidad und Tobago\">Trinidad und Tobago<\/option><option value=\"Tschad\">Tschad<\/option><option value=\"Tschechien\">Tschechien<\/option><option value=\"Tunesien\">Tunesien<\/option><option value=\"T\u0178rkei\">T\u0178rkei<\/option><option value=\"Turkmenistan\">Turkmenistan<\/option><option value=\"Tuvalu\">Tuvalu<\/option><option value=\"Uganda\">Uganda<\/option><option value=\"Ukraine\">Ukraine<\/option><option value=\"Ungarn\">Ungarn<\/option><option value=\"Uruguay\">Uruguay<\/option><option value=\"Usbekistan\">Usbekistan<\/option><option value=\"Vanuatu\">Vanuatu<\/option><option value=\"Vatikanstadt\">Vatikanstadt<\/option><option value=\"Venezuela\">Venezuela<\/option><option value=\"Vereinigte Arabische Emirate\">Vereinigte Arabische Emirate<\/option><option value=\"Vereinigte Staaten\">Vereinigte Staaten<\/option><option value=\"(ohne Au\u00a7engebiete)\">(ohne Au\u00a7engebiete)<\/option><option value=\"Vereinigtes K\u0161nigreich (ohne \u2020berseegebiete und Kronbesitz)\">Vereinigtes K\u0161nigreich (ohne \u2020berseegebiete und Kronbesitz)<\/option><option value=\"Vietnam\">Vietnam<\/option><option value=\"Wei\u00a7russland\">Wei\u00a7russland<\/option><option value=\"Westsahara\">Westsahara<\/option><option value=\"Zentralafrikanische Republik\">Zentralafrikanische Republik<\/option><option value=\"Zypern (mit Nordzypern)\">Zypern (mit Nordzypern)<\/option><\/select><\/span>\n\t<\/p>\n<\/div>\n<div class=\"half part right\">\n\t<p><span class=\"wpcf7-form-control-wrap\" data-name=\"email\"><input size=\"40\" maxlength=\"400\" class=\"wpcf7-form-control wpcf7-email wpcf7-validates-as-required wpcf7-text wpcf7-validates-as-email\" aria-required=\"true\" aria-invalid=\"false\" placeholder=\"E-Mail*\" value=\"\" type=\"email\" name=\"email\" \/><\/span>\n\t<\/p>\n<\/div>\n<div class=\"half part left last\">\n\t<p>[recaptcha]\n\t<\/p>\n<\/div>\n<div class=\"quarter part middle last\">\n\t<p><input type=\"reset\" value=\"L\u00f6schen\" \/>\n\t<\/p>\n<\/div>\n<div class=\"quarter part right last\">\n\t<p><input class=\"wpcf7-form-control wpcf7-submit has-spinner\" type=\"submit\" value=\"Senden\" \/>\n\t<\/p>\n<\/div><div class=\"wpcf7-response-output\" aria-hidden=\"true\"><\/div>\n<\/form>\n<\/div>\n[\/vc_column][\/vc_row]<\/p>\n<\/div>","protected":false},"excerpt":{"rendered":"<p>[vc_row 0=&#8220;&#8220;][vc_column 0=&#8220;&#8220;][vc_column_text 0=&#8220;&#8220;] Bestellen [\/vc_column_text][vc_column_text 0=&#8220;&#8220;]Wenn Sie ein gedrucktes Exemplar unserer Ver\u00f6ffentlichungen bestellen m\u00f6chten, bitten wir Sie, folgende Informationen zu vervollst\u00e4ndigen.[\/vc_column_text][\/vc_column][\/vc_row]<\/p>\n","protected":false},"author":1,"featured_media":0,"parent":0,"menu_order":0,"comment_status":"closed","ping_status":"closed","template":"","meta":{"_acf_changed":false,"footnotes":""},"class_list":["post-1150","page","type-page","status-publish","hentry"],"acf":[],"yoast_head":"<!-- This site is optimized with the Yoast SEO plugin v27.1.1 - https:\/\/yoast.com\/product\/yoast-seo-wordpress\/ -->\n<title>Bestellformular - ABPS<\/title>\n<meta name=\"robots\" content=\"index, follow, max-snippet:-1, max-image-preview:large, max-video-preview:-1\" \/>\n<link rel=\"canonical\" href=\"https:\/\/www.abps.ch\/de\/bestellformular\/\" \/>\n<meta property=\"og:locale\" content=\"de_DE\" \/>\n<meta property=\"og:type\" content=\"article\" \/>\n<meta property=\"og:title\" content=\"Bestellformular - ABPS\" \/>\n<meta property=\"og:description\" content=\"[vc_row 0=&#8220;&#8220;][vc_column 0=&#8220;&#8220;][vc_column_text 0=&#8220;&#8220;] Bestellen [\/vc_column_text][vc_column_text 0=&#8220;&#8220;]Wenn Sie ein gedrucktes Exemplar unserer Ver\u00f6ffentlichungen bestellen m\u00f6chten, bitten wir Sie, folgende Informationen zu vervollst\u00e4ndigen.[\/vc_column_text][\/vc_column][\/vc_row]\" \/>\n<meta property=\"og:url\" content=\"https:\/\/www.abps.ch\/de\/bestellformular\/\" \/>\n<meta property=\"og:site_name\" content=\"ABPS\" \/>\n<meta property=\"article:modified_time\" content=\"2017-06-13T12:01:31+00:00\" \/>\n<meta name=\"twitter:card\" content=\"summary_large_image\" \/>\n<script type=\"application\/ld+json\" class=\"yoast-schema-graph\">{\"@context\":\"https:\/\/schema.org\",\"@graph\":[{\"@type\":\"WebPage\",\"@id\":\"https:\/\/www.abps.ch\/de\/bestellformular\/\",\"url\":\"https:\/\/www.abps.ch\/de\/bestellformular\/\",\"name\":\"Bestellformular - ABPS\",\"isPartOf\":{\"@id\":\"https:\/\/www.abps.ch\/#website\"},\"datePublished\":\"2017-04-26T13:28:04+00:00\",\"dateModified\":\"2017-06-13T12:01:31+00:00\",\"breadcrumb\":{\"@id\":\"https:\/\/www.abps.ch\/de\/bestellformular\/#breadcrumb\"},\"inLanguage\":\"de\",\"potentialAction\":[{\"@type\":\"ReadAction\",\"target\":[\"https:\/\/www.abps.ch\/de\/bestellformular\/\"]}]},{\"@type\":\"BreadcrumbList\",\"@id\":\"https:\/\/www.abps.ch\/de\/bestellformular\/#breadcrumb\",\"itemListElement\":[{\"@type\":\"ListItem\",\"position\":1,\"name\":\"Home\",\"item\":\"https:\/\/www.abps.ch\/de\/\"},{\"@type\":\"ListItem\",\"position\":2,\"name\":\"Bestellformular\"}]},{\"@type\":\"WebSite\",\"@id\":\"https:\/\/www.abps.ch\/#website\",\"url\":\"https:\/\/www.abps.ch\/\",\"name\":\"ABPS\",\"description\":\"\",\"potentialAction\":[{\"@type\":\"SearchAction\",\"target\":{\"@type\":\"EntryPoint\",\"urlTemplate\":\"https:\/\/www.abps.ch\/?s={search_term_string}\"},\"query-input\":{\"@type\":\"PropertyValueSpecification\",\"valueRequired\":true,\"valueName\":\"search_term_string\"}}],\"inLanguage\":\"de\"}]}<\/script>\n<!-- \/ Yoast SEO plugin. -->","yoast_head_json":{"title":"Bestellformular - ABPS","robots":{"index":"index","follow":"follow","max-snippet":"max-snippet:-1","max-image-preview":"max-image-preview:large","max-video-preview":"max-video-preview:-1"},"canonical":"https:\/\/www.abps.ch\/de\/bestellformular\/","og_locale":"de_DE","og_type":"article","og_title":"Bestellformular - ABPS","og_description":"[vc_row 0=&#8220;&#8220;][vc_column 0=&#8220;&#8220;][vc_column_text 0=&#8220;&#8220;] Bestellen [\/vc_column_text][vc_column_text 0=&#8220;&#8220;]Wenn Sie ein gedrucktes Exemplar unserer Ver\u00f6ffentlichungen bestellen m\u00f6chten, bitten wir Sie, folgende Informationen zu vervollst\u00e4ndigen.[\/vc_column_text][\/vc_column][\/vc_row]","og_url":"https:\/\/www.abps.ch\/de\/bestellformular\/","og_site_name":"ABPS","article_modified_time":"2017-06-13T12:01:31+00:00","twitter_card":"summary_large_image","schema":{"@context":"https:\/\/schema.org","@graph":[{"@type":"WebPage","@id":"https:\/\/www.abps.ch\/de\/bestellformular\/","url":"https:\/\/www.abps.ch\/de\/bestellformular\/","name":"Bestellformular - ABPS","isPartOf":{"@id":"https:\/\/www.abps.ch\/#website"},"datePublished":"2017-04-26T13:28:04+00:00","dateModified":"2017-06-13T12:01:31+00:00","breadcrumb":{"@id":"https:\/\/www.abps.ch\/de\/bestellformular\/#breadcrumb"},"inLanguage":"de","potentialAction":[{"@type":"ReadAction","target":["https:\/\/www.abps.ch\/de\/bestellformular\/"]}]},{"@type":"BreadcrumbList","@id":"https:\/\/www.abps.ch\/de\/bestellformular\/#breadcrumb","itemListElement":[{"@type":"ListItem","position":1,"name":"Home","item":"https:\/\/www.abps.ch\/de\/"},{"@type":"ListItem","position":2,"name":"Bestellformular"}]},{"@type":"WebSite","@id":"https:\/\/www.abps.ch\/#website","url":"https:\/\/www.abps.ch\/","name":"ABPS","description":"","potentialAction":[{"@type":"SearchAction","target":{"@type":"EntryPoint","urlTemplate":"https:\/\/www.abps.ch\/?s={search_term_string}"},"query-input":{"@type":"PropertyValueSpecification","valueRequired":true,"valueName":"search_term_string"}}],"inLanguage":"de"}]}},"_links":{"self":[{"href":"https:\/\/www.abps.ch\/de\/wp-json\/wp\/v2\/pages\/1150","targetHints":{"allow":["GET"]}}],"collection":[{"href":"https:\/\/www.abps.ch\/de\/wp-json\/wp\/v2\/pages"}],"about":[{"href":"https:\/\/www.abps.ch\/de\/wp-json\/wp\/v2\/types\/page"}],"author":[{"embeddable":true,"href":"https:\/\/www.abps.ch\/de\/wp-json\/wp\/v2\/users\/1"}],"replies":[{"embeddable":true,"href":"https:\/\/www.abps.ch\/de\/wp-json\/wp\/v2\/comments?post=1150"}],"version-history":[{"count":5,"href":"https:\/\/www.abps.ch\/de\/wp-json\/wp\/v2\/pages\/1150\/revisions"}],"predecessor-version":[{"id":2388,"href":"https:\/\/www.abps.ch\/de\/wp-json\/wp\/v2\/pages\/1150\/revisions\/2388"}],"wp:attachment":[{"href":"https:\/\/www.abps.ch\/de\/wp-json\/wp\/v2\/media?parent=1150"}],"curies":[{"name":"wp","href":"https:\/\/api.w.org\/{rel}","templated":true}]}}